{"id":141,"date":"2018-04-17T21:40:10","date_gmt":"2018-04-17T19:40:10","guid":{"rendered":"http:\/\/www.steviescherl.com\/stevie\/?page_id=141"},"modified":"2024-04-13T21:28:47","modified_gmt":"2024-04-13T19:28:47","slug":"ueber-mich","status":"publish","type":"page","link":"https:\/\/www.steviescherl.com\/stevie\/ueber-mich\/","title":{"rendered":"\u00dcber Mich"},"content":{"rendered":"<p style=\"text-align: left;\"><img decoding=\"async\" loading=\"lazy\" class=\"wp-image-165 size-large aligncenter\" src=\"http:\/\/www.steviescherl.com\/stevie\/wp-content\/uploads\/2018\/04\/Stevie_Scherl-1024x683.jpg\" alt=\"Stevie Scherl\" width=\"900\" height=\"600\" srcset=\"https:\/\/www.steviescherl.com\/stevie\/wp-content\/uploads\/2018\/04\/Stevie_Scherl-1024x683.jpg 1024w, https:\/\/www.steviescherl.com\/stevie\/wp-content\/uploads\/2018\/04\/Stevie_Scherl-300x200.jpg 300w, https:\/\/www.steviescherl.com\/stevie\/wp-content\/uploads\/2018\/04\/Stevie_Scherl-768x512.jpg 768w, https:\/\/www.steviescherl.com\/stevie\/wp-content\/uploads\/2018\/04\/Stevie_Scherl-1035x690.jpg 1035w, https:\/\/www.steviescherl.com\/stevie\/wp-content\/uploads\/2018\/04\/Stevie_Scherl.jpg 1920w\" sizes=\"(max-width: 900px) 100vw, 900px\" \/><\/p>\n<p>Ich bin seit 2015 selbstst\u00e4ndig als Visagistin und Make-up Artist t\u00e4tig. Nageldesign und Wimpernverl\u00e4ngerung u\u0308be ich seit 2016 aus. Durch meine vielseitigen Leistungen habe ich t\u00e4glich mit Menschen und ihren unterschiedlichsten Anforderungen zu tun. Mein Job ist sehr abwechslungsreich, macht mir Spa\u00df und ich lerne viele Menschen kennen.<\/p>\n","protected":false},"excerpt":{"rendered":"<p>Ich bin seit 2015 selbstst\u00e4ndig als Visagistin und Make-up Artist t\u00e4tig. Nageldesign und Wimpernverl\u00e4ngerung u\u0308be ich seit 2016 aus. Durch meine vielseitigen Leistungen&hellip;<\/p>\n","protected":false},"author":1,"featured_media":0,"parent":0,"menu_order":0,"comment_status":"closed","ping_status":"closed","template":"","meta":{"_mi_skip_tracking":false},"aioseo_notices":[],"_links":{"self":[{"href":"https:\/\/www.steviescherl.com\/stevie\/wp-json\/wp\/v2\/pages\/141"}],"collection":[{"href":"https:\/\/www.steviescherl.com\/stevie\/wp-json\/wp\/v2\/pages"}],"about":[{"href":"https:\/\/www.steviescherl.com\/stevie\/wp-json\/wp\/v2\/types\/page"}],"author":[{"embeddable":true,"href":"https:\/\/www.steviescherl.com\/stevie\/wp-json\/wp\/v2\/users\/1"}],"replies":[{"embeddable":true,"href":"https:\/\/www.steviescherl.com\/stevie\/wp-json\/wp\/v2\/comments?post=141"}],"version-history":[{"count":32,"href":"https:\/\/www.steviescherl.com\/stevie\/wp-json\/wp\/v2\/pages\/141\/revisions"}],"predecessor-version":[{"id":912,"href":"https:\/\/www.steviescherl.com\/stevie\/wp-json\/wp\/v2\/pages\/141\/revisions\/912"}],"wp:attachment":[{"href":"https:\/\/www.steviescherl.com\/stevie\/wp-json\/wp\/v2\/media?parent=141"}],"curies":[{"name":"wp","href":"https:\/\/api.w.org\/{rel}","templated":true}]}}