{"id":187,"date":"2018-04-17T22:44:49","date_gmt":"2018-04-17T20:44:49","guid":{"rendered":"http:\/\/www.steviescherl.com\/stevie\/?page_id=187"},"modified":"2024-04-11T20:48:28","modified_gmt":"2024-04-11T18:48:28","slug":"referenzen","status":"publish","type":"page","link":"https:\/\/www.steviescherl.com\/stevie\/referenzen\/","title":{"rendered":"Referenzen"},"content":{"rendered":"<p><img decoding=\"async\" loading=\"lazy\" class=\"aligncenter wp-image-336 size-large\" src=\"http:\/\/www.steviescherl.com\/stevie\/wp-content\/uploads\/2018\/04\/Stevie_Scherl_Physiotherm_ErgoVital_Wohnraum_Models-1024x683.jpg\" alt=\"Stevie Scherl Physiotherm\" width=\"900\" height=\"600\" srcset=\"https:\/\/www.steviescherl.com\/stevie\/wp-content\/uploads\/2018\/04\/Stevie_Scherl_Physiotherm_ErgoVital_Wohnraum_Models-1024x683.jpg 1024w, https:\/\/www.steviescherl.com\/stevie\/wp-content\/uploads\/2018\/04\/Stevie_Scherl_Physiotherm_ErgoVital_Wohnraum_Models-300x200.jpg 300w, https:\/\/www.steviescherl.com\/stevie\/wp-content\/uploads\/2018\/04\/Stevie_Scherl_Physiotherm_ErgoVital_Wohnraum_Models-768x512.jpg 768w, https:\/\/www.steviescherl.com\/stevie\/wp-content\/uploads\/2018\/04\/Stevie_Scherl_Physiotherm_ErgoVital_Wohnraum_Models-1035x690.jpg 1035w, https:\/\/www.steviescherl.com\/stevie\/wp-content\/uploads\/2018\/04\/Stevie_Scherl_Physiotherm_ErgoVital_Wohnraum_Models.jpg 1920w\" sizes=\"(max-width: 900px) 100vw, 900px\" \/><\/p>\n<h2 class=\"p1\" style=\"padding-left: 30px;\">EINIGE STATEMENTS\u00a0UND REFERENZEN<\/h2>\n<p class=\"p1\" style=\"padding-left: 60px;\"><em>\u201eLiebe Stevie, wir Frauen sind immer sehr kritisch mit unserem Spiegelbild. Dank Dir habe ich mir im Spiegel zwei Daumen hoch und ein herzliches \u201eYES!\u201c\u00a0gegeben! Danke fu\u0308r die tolle Arbeit!\u201c<\/em><br \/>\n<em> <strong>Diana Langes-Swarovski, Unternehmerin<\/strong><\/em><\/p>\n<p class=\"p1\" style=\"padding-left: 60px;\"><em>\u201eM\u00e4nner und Schminke! In meinem Job muss das sein, Stevie entsch\u00e4rft die schlimmsten Augenringe &#8211; schnell und h\u00f6chst professionell. Wenn sie mich schminkt, fu\u0308hle ich\u00a0mich vor der Kamera sicher!\u201c<\/em><br \/>\n<em> <strong>Martin Papst, ORF \u201eTirol-Heute\u201c Moderator<\/strong><\/em><\/p>\n<p style=\"padding-left: 60px;\">\u00d6STERREICHISCHER RUNDFUNK (ORF) |\u00a0ORF SPORT+ |\u00a0SKY SPORT |<br \/>\nSOKO KITZB\u00dcHEL |\u00a0PHYSIOTHERM |\u00a0P8 MARKETING |\u00a0<span class=\"s1\">STEPHANIE VENIER |<br \/>\n<\/span>LIFE RADIO TIROL | DIANA LANGES-SWAROVSKI | SPORTS DIRECT |<br \/>\nMPREIS BAGUETTE | <span class=\"s1\">ADLERS HOTEL |<\/span><\/p>\n","protected":false},"excerpt":{"rendered":"<p>EINIGE STATEMENTS\u00a0UND REFERENZEN \u201eLiebe Stevie, wir Frauen sind immer sehr kritisch mit unserem Spiegelbild. Dank Dir habe ich mir im Spiegel zwei Daumen&hellip;<\/p>\n","protected":false},"author":1,"featured_media":0,"parent":0,"menu_order":0,"comment_status":"closed","ping_status":"closed","template":"","meta":{"_mi_skip_tracking":false},"aioseo_notices":[],"_links":{"self":[{"href":"https:\/\/www.steviescherl.com\/stevie\/wp-json\/wp\/v2\/pages\/187"}],"collection":[{"href":"https:\/\/www.steviescherl.com\/stevie\/wp-json\/wp\/v2\/pages"}],"about":[{"href":"https:\/\/www.steviescherl.com\/stevie\/wp-json\/wp\/v2\/types\/page"}],"author":[{"embeddable":true,"href":"https:\/\/www.steviescherl.com\/stevie\/wp-json\/wp\/v2\/users\/1"}],"replies":[{"embeddable":true,"href":"https:\/\/www.steviescherl.com\/stevie\/wp-json\/wp\/v2\/comments?post=187"}],"version-history":[{"count":22,"href":"https:\/\/www.steviescherl.com\/stevie\/wp-json\/wp\/v2\/pages\/187\/revisions"}],"predecessor-version":[{"id":881,"href":"https:\/\/www.steviescherl.com\/stevie\/wp-json\/wp\/v2\/pages\/187\/revisions\/881"}],"wp:attachment":[{"href":"https:\/\/www.steviescherl.com\/stevie\/wp-json\/wp\/v2\/media?parent=187"}],"curies":[{"name":"wp","href":"https:\/\/api.w.org\/{rel}","templated":true}]}}