{"id":267,"date":"2018-04-18T17:22:44","date_gmt":"2018-04-18T15:22:44","guid":{"rendered":"http:\/\/www.steviescherl.com\/stevie\/?page_id=267"},"modified":"2025-06-09T20:31:21","modified_gmt":"2025-06-09T18:31:21","slug":"make-up","status":"publish","type":"page","link":"https:\/\/www.steviescherl.com\/stevie\/make-up\/","title":{"rendered":"Leistungen &#038; Preise"},"content":{"rendered":"<p><img decoding=\"async\" loading=\"lazy\" class=\"aligncenter wp-image-602 size-large\" src=\"http:\/\/www.steviescherl.com\/stevie\/wp-content\/uploads\/2020\/03\/Stevie_Scherl_Make_up-1024x683.jpg\" alt=\"\" width=\"900\" height=\"600\" srcset=\"https:\/\/www.steviescherl.com\/stevie\/wp-content\/uploads\/2020\/03\/Stevie_Scherl_Make_up-1024x683.jpg 1024w, https:\/\/www.steviescherl.com\/stevie\/wp-content\/uploads\/2020\/03\/Stevie_Scherl_Make_up-300x200.jpg 300w, https:\/\/www.steviescherl.com\/stevie\/wp-content\/uploads\/2020\/03\/Stevie_Scherl_Make_up-768x512.jpg 768w, https:\/\/www.steviescherl.com\/stevie\/wp-content\/uploads\/2020\/03\/Stevie_Scherl_Make_up-1035x690.jpg 1035w, https:\/\/www.steviescherl.com\/stevie\/wp-content\/uploads\/2020\/03\/Stevie_Scherl_Make_up.jpg 1920w\" sizes=\"(max-width: 900px) 100vw, 900px\" \/><\/p>\n<h2>EIN MAKE-UP UNTERSTREICHT DIE NAT\u00dcRLICHE SCH\u00d6NHEIT<br \/>\nUND DIE POSITIVEN Z\u00dcGE DES GESICHTES.<\/h2>\n<p><strong><br \/>\nMAKE-UP<\/strong><\/p>\n<p style=\"padding-left: 30px;\"><strong>TAGES-MAKE-UP<br \/>\n<\/strong>Ein leichtes Make-up, das deine nat\u00fcrliche Sch\u00f6nheit hervorhebt. Das Tages-Make-up zaubert Frische ins Gesicht und sorgt Tag f\u00fcr Tag f\u00fcr ein gepflegtes Aussehen.<br \/>\n\u20ac 59,-<\/p>\n<p style=\"padding-left: 30px;\"><strong>ABEND-MAKE-UP<br \/>\n<\/strong><span class=\"s1\">Da das Abend- bzw. Kerzenlicht etwas \u201eschluckt\u201c, schminke ich hier deutlich akzentuierter und glamour\u00f6ser. Ausdruckstarke Farben lassen dich an diesem Abend strahlen.<\/span><strong><span class=\"s1\"><br \/>\n<\/span><\/strong>\u20ac 79,-<\/p>\n<p style=\"padding-left: 30px;\"><strong>FOTO-MAKE-UP<br \/>\n<\/strong><span class=\"s1\">Ein gutes Foto-Make-up ist eine ganz besondere Herausforderung. Einerseits muss hier mehr Make-up aufgetragen werden als beim Tages-Make-up. Andererseits darf das Gesicht dadurch nicht maskenhaft wirken.<br \/>\n<\/span>\u20ac 94,-<\/p>\n<p style=\"padding-left: 30px;\"><strong>BRAUT-MAKE-UP*<br \/>\n<\/strong>Hier achte ich darauf, dass die Braut sich wohl f\u00fchlt und Ihre nat\u00fcrliche Sch\u00f6nheit hervorgehoben wird. Ein Probe-Make-up von 1,5 Stunden ist inkludiert.<br \/>\n\u20ac 269,-<\/p>\n<p class=\"p1\" style=\"padding-left: 30px;\"><strong>BR\u00c4UTIGAM-MAKE-UP<br \/>\n<\/strong>Damit auch der Br\u00e4utigam an diesem besonderen Tag strahlt, werden hier kleine Korrekturen vorgenommen um eventuelle Hautr\u00f6tungen, Augenschatten und Unreinheiten abzudecken.<br \/>\n\u20ac 39,-<\/p>\n<p class=\"p1\" style=\"padding-left: 30px;\"><strong>ZUSATZ-MAKE-UP HOCHZEIT<br \/>\n<\/strong>Gerne sorge ich daf\u00fcr, dass auch Freunde, Familie und Trautzeuginnen ein typgerechtes Make-up bekommen, welches den ganzen Tag \u00fcber h\u00e4lt.<br \/>\n\u20ac 76,-<\/p>\n<p class=\"p1\" style=\"padding-left: 30px;\"><strong>FRISUREN IN KOMBINATION MIT MAKE-UP<br \/>\n<\/strong>Preise auf Anfrage.<\/p>\n<p class=\"p1\" style=\"padding-left: 30px;\"><strong>FOTOSHOOTINGS UND VIDEODREH\u00b4S<\/strong><br \/>\nPreise auf Anfrage.<\/p>\n<p class=\"p1\" style=\"padding-left: 30px;\">* Sollte nur das Probe Make-up in Anspruch genommen und der Hochzeitstermin abgesagt werden, ist das Probe Make-up in der H\u00f6he von \u20ac 189,- zu bezahlen.<\/p>\n<p><strong>WIMPERN UND AUGENBRAUEN<\/strong><\/p>\n<p class=\"p1\" style=\"padding-left: 30px;\"><strong>B\u00dcSCHELWIMPERN KLEBEN<br \/>\n<\/strong>Aufkleben von Bu\u0308schelwimpern auf die eigenen\u00a0Wimpern &#8211; mit natu\u0308rlichem Effekt, der\u00a0einen Tag h\u00e4lt.<br \/>\n\u20ac 21,-<\/p>\n<p class=\"p1\" style=\"padding-left: 30px;\"><strong>WIMPERNKRANZ KLEBEN<br \/>\n<\/strong>Fu\u0308r mehr Glamour kann man auch ganze\u00a0Kr\u00e4nze auf die eigenen Wimpern kleben.<br \/>\n\u20ac 27,-<\/p>\n<p class=\"p1\" style=\"padding-left: 30px;\"><strong>WIMPERNLIFTING<br \/>\n<\/strong><span class=\"s1\">Beim Wimpernlifting werden keine synthetischen Wimpern appliziert, sondern die eigenen Wimpern in Form\u00a0gebracht. Sie werden mit Hilfe von einem Silikonpad vom Ansatz nach oben gebogen, somit entsteht ein sch\u00f6ner\u00a0Schwung. Anschlie\u00dfend werden die Eigenwimpern noch gef\u00e4rbt. Diese Behandlung h\u00e4lt 4-6 Wochen und l\u00e4sst\u00a0die Naturwimpern optisch l\u00e4nger und voller wirken. Die passende Behandlung fu\u0308r alle, die einen sch\u00f6nen\u00a0Augenaufschlag ohne \u201efalsche Wimpern\u201c m\u00f6chten.<br \/>\n<\/span>\u20ac 69,-<\/p>\n<p class=\"p1\" style=\"padding-left: 30px;\"><strong>WIMPERN &amp; AUGENBRAUEN LIFTING<br \/>\n<\/strong>Bei dieser Behandlung werden die Wimpern und die Augenbrauen gleichzeitig geliftet.<br \/>\n\u20ac 119,-<\/p>\n<p class=\"p1\" style=\"padding-left: 30px;\"><strong>AUGENBRAUEN LIFTING<br \/>\n<\/strong>Um die Augenbrauen dauerhaft in Form zu bekommen, kann man auch diese mit einem speziellen Pr\u00e4parat liften. Den Look k\u00f6nnen Sie nat\u00fcrlich selbst entscheiden. Nach dem Lifting Vorgang, werden die Augenbrauen noch gef\u00e4rbt, gezupft und geschnitten.<br \/>\n\u20ac 59,-<\/p>\n<p class=\"p1\" style=\"padding-left: 30px;\"><strong>AUGENBRAUEN FASSONIEREN<br \/>\n<\/strong>Hier werden die Augenbrauen so gezupft,\u00a0dass sie perfekt zu Ihrem Gesicht und Ihrer\u00a0Augenstellung passen.<br \/>\n\u20ac 19,-<\/p>\n<p class=\"p1\" style=\"padding-left: 30px;\"><strong>AUGENBRAUEN NACHZUPFEN<br \/>\n<\/strong>Hier werden die nachgewachsenen Augenbrauen\u00a0weggezupft.<br \/>\n\u20ac 9,-<\/p>\n<p><strong>NAGELDESIGN<\/strong><\/p>\n<p class=\"p1\" style=\"padding-left: 30px;\">Shellac Neuset \u20ac 42,-<strong><br \/>\n<\/strong>Neumodellage mit Tips \u20ac 74,-<br \/>\nNagelmodellage auff\u00fcllen \u20ac 68,-<br \/>\nNaturnagelverst\u00e4rkung Neuset \u20ac 63,-<br \/>\nNaturnagelverst\u00e4rkung auffu\u0308llen \u20ac 57,-<br \/>\nFarbe \u20ac 8,-<br \/>\nNagel Neu \u20ac 8,-<br \/>\nAbl\u00f6sen \u20ac 29,-<br \/>\nNail-Art ab \u20ac 0,55<\/p>\n","protected":false},"excerpt":{"rendered":"<p>EIN MAKE-UP UNTERSTREICHT DIE NAT\u00dcRLICHE SCH\u00d6NHEIT UND DIE POSITIVEN Z\u00dcGE DES GESICHTES. MAKE-UP TAGES-MAKE-UP Ein leichtes Make-up, das deine nat\u00fcrliche Sch\u00f6nheit hervorhebt. Das&hellip;<\/p>\n","protected":false},"author":1,"featured_media":0,"parent":0,"menu_order":0,"comment_status":"closed","ping_status":"closed","template":"","meta":{"_mi_skip_tracking":false},"aioseo_notices":[],"_links":{"self":[{"href":"https:\/\/www.steviescherl.com\/stevie\/wp-json\/wp\/v2\/pages\/267"}],"collection":[{"href":"https:\/\/www.steviescherl.com\/stevie\/wp-json\/wp\/v2\/pages"}],"about":[{"href":"https:\/\/www.steviescherl.com\/stevie\/wp-json\/wp\/v2\/types\/page"}],"author":[{"embeddable":true,"href":"https:\/\/www.steviescherl.com\/stevie\/wp-json\/wp\/v2\/users\/1"}],"replies":[{"embeddable":true,"href":"https:\/\/www.steviescherl.com\/stevie\/wp-json\/wp\/v2\/comments?post=267"}],"version-history":[{"count":40,"href":"https:\/\/www.steviescherl.com\/stevie\/wp-json\/wp\/v2\/pages\/267\/revisions"}],"predecessor-version":[{"id":953,"href":"https:\/\/www.steviescherl.com\/stevie\/wp-json\/wp\/v2\/pages\/267\/revisions\/953"}],"wp:attachment":[{"href":"https:\/\/www.steviescherl.com\/stevie\/wp-json\/wp\/v2\/media?parent=267"}],"curies":[{"name":"wp","href":"https:\/\/api.w.org\/{rel}","templated":true}]}}