{"id":302,"date":"2018-04-18T18:48:41","date_gmt":"2018-04-18T16:48:41","guid":{"rendered":"http:\/\/www.steviescherl.com\/stevie\/?page_id=302"},"modified":"2023-01-05T22:08:30","modified_gmt":"2023-01-05T21:08:30","slug":"wimpernverlaengerung","status":"publish","type":"page","link":"https:\/\/www.steviescherl.com\/stevie\/wimpernverlaengerung\/","title":{"rendered":"Wimpern und Augenbrauen"},"content":{"rendered":"<p><img decoding=\"async\" loading=\"lazy\" class=\"aligncenter wp-image-303 size-large\" src=\"http:\/\/www.steviescherl.com\/stevie\/wp-content\/uploads\/2018\/04\/Wimpernverlaengerung-1024x683.jpg\" alt=\"Wimpernverl\u00e4ngerung\" width=\"900\" height=\"600\" srcset=\"https:\/\/www.steviescherl.com\/stevie\/wp-content\/uploads\/2018\/04\/Wimpernverlaengerung-1024x683.jpg 1024w, https:\/\/www.steviescherl.com\/stevie\/wp-content\/uploads\/2018\/04\/Wimpernverlaengerung-300x200.jpg 300w, https:\/\/www.steviescherl.com\/stevie\/wp-content\/uploads\/2018\/04\/Wimpernverlaengerung-768x512.jpg 768w, https:\/\/www.steviescherl.com\/stevie\/wp-content\/uploads\/2018\/04\/Wimpernverlaengerung-1035x690.jpg 1035w, https:\/\/www.steviescherl.com\/stevie\/wp-content\/uploads\/2018\/04\/Wimpernverlaengerung.jpg 1920w\" sizes=\"(max-width: 900px) 100vw, 900px\" \/><\/p>\n<h2 class=\"p1\">LANGE WIMPERN SIND EIN SYMBOL F\u00dcR SINNLICHKEIT\u00a0UND SCH\u00d6NHEIT.<br \/>\nSIE LASSEN DIE AUGEN BESONDERS\u00a0AUSDRUCKSVOLL UND GROSS WIRKEN.<\/h2>\n<p style=\"padding-left: 30px;\"><strong><br \/>\nWIMPERNVERL\u00c4NGERUNG<\/strong><\/p>\n<p style=\"padding-left: 60px;\"><strong>NEUES SET \u2013 1-ZU-1-TECHNIK<br \/>\n<\/strong><span class=\"s1\">Hier setze ich einzelne Wimpern direkt auf die Eigenwimper. Es gibt verschiedene St\u00e4rken und L\u00e4ngen, die immer an das eigene Wimpernhaar angepasst werden, um somit einen sehr nat\u00fcrlichen Effekt zu erzielen.<br \/>\n<\/span>\u20ac 148,-<\/p>\n<p style=\"padding-left: 60px;\"><strong>AUFF\u00dcLLUNG*<br \/>\n<\/strong>Auff\u00fcllung nach zwei Wochen \u20ac 51,-<br \/>\nAuff\u00fcllung nach drei Wochen \u20ac 62-<br \/>\nAuff\u00fcllung nach vier Wochen \u20ac 73,-<br \/>\nNach f\u00fcnf Wochen wieder Neupreis.<\/p>\n<p style=\"padding-left: 60px;\"><strong>NEUES SET \u2013 MIXTECHNIK<br \/>\n<\/strong>Dieses Set besteht aus einem Mix aus zarten Volumenf\u00e4chern und Einzelwimpern, und zaubert dadurch einen etwas auff\u00e4lligeren, nat\u00fcrlichen Look.<br \/>\n\u20ac 159,-<\/p>\n<p style=\"padding-left: 60px;\"><strong>AUFF\u00dcLLUNG*<br \/>\n<\/strong>Auff\u00fcllung nach zwei Wochen \u20ac 54,-<br \/>\nAuff\u00fcllung nach drei Wochen \u20ac 65,-<br \/>\nAuff\u00fcllung nach vier Wochen \u20ac 76,-<br \/>\nNach f\u00fcnf Wochen wieder Neupreis.<\/p>\n<p style=\"padding-left: 60px;\"><strong>NEUES SET \u2013 VOLUMEN SOFT<br \/>\n<\/strong>Bei dieser Volumenvariante werden zarte F\u00e4cher verwendet um einen dichteren aber dennoch nat\u00fcrlichen Look zu erzielen.<br \/>\n\u20ac 180,-<\/p>\n<p style=\"padding-left: 60px;\"><strong>AUFF\u00dcLLUNG*<br \/>\n<\/strong>Auff\u00fcllung nach zwei Wochen \u20ac 60,-<br \/>\nAuff\u00fcllung nach drei Wochen \u20ac 71,-<br \/>\nAuff\u00fcllung nach vier Wochen \u20ac 82,-<br \/>\nNach f\u00fcnf Wochen wieder Neupreis.<\/p>\n<p style=\"padding-left: 60px;\"><strong>NEUES SET \u2013 VOLUMEN EXTREME<br \/>\n<\/strong>Bei dieser Technik werden mehrere feine Wimpern, die zu einem F\u00e4cher geformt werden auf eine Eigenwimper gesetzt. Diese Technik erzielt wesentlich mehr Volumen, der Augenaufschlag wirkt glamour\u00f6ser.<br \/>\n\u20ac 214,-<\/p>\n<p style=\"padding-left: 60px;\"><strong>AUFF\u00dcLLUNG*<br \/>\n<\/strong>Auff\u00fcllung nach zwei Wochen \u20ac 71,-<br \/>\nAuff\u00fcllung nach drei Wochen \u20ac 82,-<br \/>\nAuff\u00fcllung nach vier Wochen \u20ac 93,-<br \/>\nNach f\u00fcnf Wochen wieder Neupreis.<\/p>\n<p style=\"padding-left: 60px;\"><span class=\"s1\">* <\/span>Preise sind davon abh\u00e4ngig, wieviele\u00a0Wimpern noch vorhanden sind.<\/p>\n<p style=\"padding-left: 20px;\"><strong><br \/>\nLIFTING<\/strong><\/p>\n<p style=\"padding-left: 60px;\"><strong>WIMPERN &amp; AUGENBRAUEN LIFTING<br \/>\n<\/strong>Bei dieser Behandlung werden die Wimpern und die Augenbrauen gleichzeitig geliftet.<br \/>\n\u20ac 104,-<br \/>\n<strong><br \/>\nWIMPERNLIFTING<br \/>\n<\/strong><span class=\"s1\">Beim Wimpernlifting werden keine synthetischen Wimpern appliziert, sondern die eigenen Wimpern in Form\u00a0gebracht. Sie werden mit Hilfe von einem Silikonpad vom Ansatz nach oben gebogen, somit entsteht ein sch\u00f6ner\u00a0Schwung. Anschlie\u00dfend werden die Eigenwimpern noch gef\u00e4rbt. Diese Behandlung h\u00e4lt 4-6 Wochen und l\u00e4sst\u00a0die Naturwimpern optisch l\u00e4nger und voller wirken. Die passende Behandlung fu\u0308r alle, die einen sch\u00f6nen\u00a0Augenaufschlag ohne \u201efalsche Wimpern\u201c m\u00f6chten.<br \/>\n<\/span>\u20ac 65,-<\/p>\n<p style=\"padding-left: 60px;\"><strong>AUGENBRAUEN LIFTING<br \/>\n<\/strong>Um die Augenbrauen dauerhaft in Form zu bekommen, kann man auch diese mit einem speziellen Pr\u00e4parat liften. Den Look k\u00f6nnen Sie nat\u00fcrlich selbst entscheiden. Nach dem Lifting Vorgang, werden die Augenbrauen noch gef\u00e4rbt, gezupft und geschnitten.<br \/>\n\u20ac 54,-<\/p>\n<p style=\"padding-left: 20px;\"><strong><br \/>\nSONSTIGES<\/strong><\/p>\n<p style=\"padding-left: 60px;\"><strong>WIMPERN F\u00c4RBEN<br \/>\n<\/strong>Die Wimpern werden nach Wunsch gef\u00e4rbt und wirken somit dichter und voller.<strong><br \/>\n<\/strong>\u20ac 17,-<\/p>\n<p style=\"padding-left: 60px;\"><strong>WIMPERN ENTFERNEN<br \/>\n<\/strong>Die Wimpern und die Klebereste werden entfernt.<strong><br \/>\n<\/strong>\u20ac 22,-<\/p>\n<p style=\"padding-left: 60px;\"><strong>AUGENBRAUEN FASSONIEREN<br \/>\n<\/strong>Hier werden die Augenbrauen so gezupft,\u00a0dass sie perfekt zu Ihrem Gesicht und Ihrer\u00a0Augenstellung passen.<br \/>\n\u20ac 19,-<\/p>\n<p style=\"padding-left: 60px;\"><strong>AUGENBRAUEN NACHZUPFEN<br \/>\n<\/strong>Hier werden die nachgewachsenen Augenbrauen\u00a0weggezupft.<br \/>\n\u20ac 9,-<\/p>\n","protected":false},"excerpt":{"rendered":"<p>LANGE WIMPERN SIND EIN SYMBOL F\u00dcR SINNLICHKEIT\u00a0UND SCH\u00d6NHEIT. SIE LASSEN DIE AUGEN BESONDERS\u00a0AUSDRUCKSVOLL UND GROSS WIRKEN. WIMPERNVERL\u00c4NGERUNG NEUES SET \u2013 1-ZU-1-TECHNIK Hier setze&hellip;<\/p>\n","protected":false},"author":1,"featured_media":0,"parent":0,"menu_order":0,"comment_status":"closed","ping_status":"closed","template":"","meta":{"_mi_skip_tracking":false},"aioseo_notices":[],"_links":{"self":[{"href":"https:\/\/www.steviescherl.com\/stevie\/wp-json\/wp\/v2\/pages\/302"}],"collection":[{"href":"https:\/\/www.steviescherl.com\/stevie\/wp-json\/wp\/v2\/pages"}],"about":[{"href":"https:\/\/www.steviescherl.com\/stevie\/wp-json\/wp\/v2\/types\/page"}],"author":[{"embeddable":true,"href":"https:\/\/www.steviescherl.com\/stevie\/wp-json\/wp\/v2\/users\/1"}],"replies":[{"embeddable":true,"href":"https:\/\/www.steviescherl.com\/stevie\/wp-json\/wp\/v2\/comments?post=302"}],"version-history":[{"count":29,"href":"https:\/\/www.steviescherl.com\/stevie\/wp-json\/wp\/v2\/pages\/302\/revisions"}],"predecessor-version":[{"id":929,"href":"https:\/\/www.steviescherl.com\/stevie\/wp-json\/wp\/v2\/pages\/302\/revisions\/929"}],"wp:attachment":[{"href":"https:\/\/www.steviescherl.com\/stevie\/wp-json\/wp\/v2\/media?parent=302"}],"curies":[{"name":"wp","href":"https:\/\/api.w.org\/{rel}","templated":true}]}}