{"id":7,"date":"2015-08-24T21:42:09","date_gmt":"2015-08-24T19:42:09","guid":{"rendered":"http:\/\/www.steviescherl.com\/stevie\/?page_id=7"},"modified":"2024-04-19T22:09:09","modified_gmt":"2024-04-19T20:09:09","slug":"kontakt","status":"publish","type":"page","link":"https:\/\/www.steviescherl.com\/stevie\/kontakt\/","title":{"rendered":"Kontakt"},"content":{"rendered":"<p><img decoding=\"async\" loading=\"lazy\" class=\"aligncenter wp-image-495 size-large\" src=\"http:\/\/www.steviescherl.com\/stevie\/wp-content\/uploads\/2018\/12\/Stevie_Scherl_Studio-1024x683.jpg\" alt=\"\" width=\"900\" height=\"600\" srcset=\"https:\/\/www.steviescherl.com\/stevie\/wp-content\/uploads\/2018\/12\/Stevie_Scherl_Studio-1024x683.jpg 1024w, https:\/\/www.steviescherl.com\/stevie\/wp-content\/uploads\/2018\/12\/Stevie_Scherl_Studio-300x200.jpg 300w, https:\/\/www.steviescherl.com\/stevie\/wp-content\/uploads\/2018\/12\/Stevie_Scherl_Studio-768x512.jpg 768w, https:\/\/www.steviescherl.com\/stevie\/wp-content\/uploads\/2018\/12\/Stevie_Scherl_Studio-1035x690.jpg 1035w, https:\/\/www.steviescherl.com\/stevie\/wp-content\/uploads\/2018\/12\/Stevie_Scherl_Studio.jpg 1920w\" sizes=\"(max-width: 900px) 100vw, 900px\" \/><\/p>\n<p class=\"p1\" style=\"padding-left: 30px;\">Gerne begr\u00fc\u00dfe ich dich in meinem Studio, oder komme auch gerne dorthin wo du mich brauchst, besonders f\u00fcr Fotoshootings und Hochzeiten. Ich freue mich auf deine Kontaktaufnahme!<\/p>\n<p class=\"p1\" style=\"padding-left: 30px;\">Telefon: +436506111301<br \/>\nE-Mail: <a href=\"mailto:makeup@steviescherl.com\">makeup@steviescherl.com<\/a><\/p>\n<h2 style=\"padding-left: 30px;\">STUDIO<\/h2>\n<p style=\"padding-left: 30px;\">Heiliggeiststra\u00dfe 4, 6020 Innsbruck<br \/>\n\u00d6ffnungszeiten: nach Terminvereinbarung<\/p>\n","protected":false},"excerpt":{"rendered":"<p>Gerne begr\u00fc\u00dfe ich dich in meinem Studio, oder komme auch gerne dorthin wo du mich brauchst, besonders f\u00fcr Fotoshootings und Hochzeiten. Ich freue&hellip;<\/p>\n","protected":false},"author":1,"featured_media":0,"parent":0,"menu_order":5,"comment_status":"closed","ping_status":"closed","template":"","meta":{"_mi_skip_tracking":false},"aioseo_notices":[],"_links":{"self":[{"href":"https:\/\/www.steviescherl.com\/stevie\/wp-json\/wp\/v2\/pages\/7"}],"collection":[{"href":"https:\/\/www.steviescherl.com\/stevie\/wp-json\/wp\/v2\/pages"}],"about":[{"href":"https:\/\/www.steviescherl.com\/stevie\/wp-json\/wp\/v2\/types\/page"}],"author":[{"embeddable":true,"href":"https:\/\/www.steviescherl.com\/stevie\/wp-json\/wp\/v2\/users\/1"}],"replies":[{"embeddable":true,"href":"https:\/\/www.steviescherl.com\/stevie\/wp-json\/wp\/v2\/comments?post=7"}],"version-history":[{"count":20,"href":"https:\/\/www.steviescherl.com\/stevie\/wp-json\/wp\/v2\/pages\/7\/revisions"}],"predecessor-version":[{"id":919,"href":"https:\/\/www.steviescherl.com\/stevie\/wp-json\/wp\/v2\/pages\/7\/revisions\/919"}],"wp:attachment":[{"href":"https:\/\/www.steviescherl.com\/stevie\/wp-json\/wp\/v2\/media?parent=7"}],"curies":[{"name":"wp","href":"https:\/\/api.w.org\/{rel}","templated":true}]}}